{"id":1001393,"date":"2021-08-07T23:35:51","date_gmt":"2021-08-07T23:35:51","guid":{"rendered":"http:\/\/www.heimkehr-hamburg.de\/log\/?page_id=1001393"},"modified":"2021-08-08T00:43:10","modified_gmt":"2021-08-08T00:43:10","slug":"die-crew","status":"publish","type":"page","link":"http:\/\/www.heimkehr-hamburg.de\/log\/?page_id=1001393","title":{"rendered":"Die Crew"},"content":{"rendered":"\n<figure class=\"wp-block-image size-large\"><img loading=\"lazy\" decoding=\"async\" width=\"2000\" height=\"1500\" src=\"http:\/\/www.heimkehr-hamburg.de\/log\/wp-content\/uploads\/2021\/05\/image0.jpeg\" alt=\"\" class=\"wp-image-1001329\" srcset=\"http:\/\/www.heimkehr-hamburg.de\/log\/wp-content\/uploads\/2021\/05\/image0.jpeg 2000w, http:\/\/www.heimkehr-hamburg.de\/log\/wp-content\/uploads\/2021\/05\/image0-768x576.jpeg 768w, http:\/\/www.heimkehr-hamburg.de\/log\/wp-content\/uploads\/2021\/05\/image0-1536x1152.jpeg 1536w\" sizes=\"auto, (max-width: 2000px) 100vw, 2000px\" \/><\/figure>\n\n\n\n<p><strong>Bert Frisch<\/strong><\/p>\n\n\n\n<p><br>Jahrgang 1949. War beruflich \u00fcberall auf der Welt mit dem Flieger unterwegs. Ex-Marineoffizier mit Salzwasserwurzeln, geboren auf der Insel Borkum, Seemann seit Geburt. Ist sehr technikverliebt. Kocht ausgesprochen gern und auch t\u00e4glich. Am liebsten zack zack. Kochen dauert nie \u00fcber eine halbe Stunde. Inklusive Abwasch aller P\u00f6tte. Er hinterl\u00e4sst die Pantry sauber und abgewaschen (nur wegen der verbreiteten Vorurteile gegen kochende M\u00e4nner).<\/p>\n\n\n\n<p><\/p>\n\n\n\n<p><strong>Marlene Frisch<\/strong><\/p>\n\n\n\n<p><br>Jahrgang 1954. Wasser war schon immer wichtig: als Jugendliche auf der Aller mit dem Motorboot zur Disco, sp\u00e4ter mit dem Schlauchboot auf Binnengew\u00e4ssern gefahren, als Surf- und Tauchlehrerin auf Sardinien\/Italien gearbeitet. Lebenstraum(schon ganz, ganz lange): auf einem Schiff leben und jeden Tag einen anderen &#8216;Vorgarten&#8217; (= Ankerbucht) haben. Liebt Delphine, Wale, Sterne, Schiffe. Hat einen ziemlichen Technikfimmel und schon als kleines M\u00e4dchen lieber mit Autos als mit Puppen gespielt. An Bord zust\u00e4ndig f\u00fcr die Maschinen (nicht f\u00fcr die K\u00fcche).<\/p>\n\n\n\n<figure class=\"wp-block-image size-large\"><img loading=\"lazy\" decoding=\"async\" width=\"2016\" height=\"1512\" src=\"http:\/\/www.heimkehr-hamburg.de\/log\/wp-content\/uploads\/2021\/08\/IMG_2557-rotated.jpg\" alt=\"\" class=\"wp-image-1001374\" srcset=\"http:\/\/www.heimkehr-hamburg.de\/log\/wp-content\/uploads\/2021\/08\/IMG_2557-rotated.jpg 2016w, http:\/\/www.heimkehr-hamburg.de\/log\/wp-content\/uploads\/2021\/08\/IMG_2557-768x576.jpg 768w, http:\/\/www.heimkehr-hamburg.de\/log\/wp-content\/uploads\/2021\/08\/IMG_2557-1536x1152.jpg 1536w\" sizes=\"auto, (max-width: 2016px) 100vw, 2016px\" \/><\/figure>\n","protected":false},"excerpt":{"rendered":"<p>Bert Frisch Jahrgang 1949. War beruflich \u00fcberall auf der Welt mit dem Flieger unterwegs. Ex-Marineoffizier mit Salzwasserwurzeln, geboren auf der Insel Borkum, Seemann seit Geburt. Ist sehr technikverliebt. Kocht ausgesprochen gern und auch t\u00e4glich. Am liebsten zack zack. Kochen dauert nie \u00fcber eine halbe Stunde. Inklusive Abwasch aller P\u00f6tte. Er hinterl\u00e4sst die Pantry sauber und [&hellip;]<\/p>\n","protected":false},"author":1,"featured_media":0,"parent":0,"menu_order":0,"comment_status":"closed","ping_status":"closed","template":"","meta":{"footnotes":""},"class_list":["post-1001393","page","type-page","status-publish","hentry"],"_links":{"self":[{"href":"http:\/\/www.heimkehr-hamburg.de\/log\/index.php?rest_route=\/wp\/v2\/pages\/1001393","targetHints":{"allow":["GET"]}}],"collection":[{"href":"http:\/\/www.heimkehr-hamburg.de\/log\/index.php?rest_route=\/wp\/v2\/pages"}],"about":[{"href":"http:\/\/www.heimkehr-hamburg.de\/log\/index.php?rest_route=\/wp\/v2\/types\/page"}],"author":[{"embeddable":true,"href":"http:\/\/www.heimkehr-hamburg.de\/log\/index.php?rest_route=\/wp\/v2\/users\/1"}],"replies":[{"embeddable":true,"href":"http:\/\/www.heimkehr-hamburg.de\/log\/index.php?rest_route=%2Fwp%2Fv2%2Fcomments&post=1001393"}],"version-history":[{"count":3,"href":"http:\/\/www.heimkehr-hamburg.de\/log\/index.php?rest_route=\/wp\/v2\/pages\/1001393\/revisions"}],"predecessor-version":[{"id":1001455,"href":"http:\/\/www.heimkehr-hamburg.de\/log\/index.php?rest_route=\/wp\/v2\/pages\/1001393\/revisions\/1001455"}],"wp:attachment":[{"href":"http:\/\/www.heimkehr-hamburg.de\/log\/index.php?rest_route=%2Fwp%2Fv2%2Fmedia&parent=1001393"}],"curies":[{"name":"wp","href":"https:\/\/api.w.org\/{rel}","templated":true}]}}