{"id":1001389,"date":"2021-08-07T23:30:51","date_gmt":"2021-08-07T23:30:51","guid":{"rendered":"http:\/\/www.heimkehr-hamburg.de\/log\/?page_id=1001389"},"modified":"2024-11-26T14:26:36","modified_gmt":"2024-11-26T14:26:36","slug":"heimkehr-vii","status":"publish","type":"page","link":"http:\/\/www.heimkehr-hamburg.de\/log\/?page_id=1001389","title":{"rendered":"Heimkehr VII"},"content":{"rendered":"\n<p><\/p>\n\n\n\n<div class=\"wp-block-cover is-light\" style=\"min-height:404px;aspect-ratio:unset;\"><span aria-hidden=\"true\" class=\"wp-block-cover__background has-background-dim\"><\/span><img loading=\"lazy\" decoding=\"async\" width=\"640\" height=\"480\" class=\"wp-block-cover__image-background wp-image-1000335\" alt=\"\" src=\"http:\/\/www.heimkehr-hamburg.de\/log\/wp-content\/uploads\/2019\/05\/IMG_2711.jpg\" data-object-fit=\"cover\"\/><div class=\"wp-block-cover__inner-container is-layout-flow wp-block-cover-is-layout-flow\">\n<p class=\"has-text-align-center has-large-font-size\"><br><\/p>\n<\/div><\/div>\n\n\n\n<p>Heimathafen Oberndorf an der Oste<\/p>\n\n\n\n<p>Stahl, 14,30 m lang, mit Kl\u00fcverbaum und Beiboot am Heck 18 m<\/p>\n\n\n\n<p>Breite 4,50 m, Tiefgang 2,25 m<\/p>\n\n\n\n<p>Verdr\u00e4ngung 40 Tonnen ketschgetakelt, mit einem fischkutterartigen Ruderhaus.<\/p>\n\n\n\n<p>Sie hat zwei Deutz-Maschinen mit zwei Wellen in zwei getrennten Maschinenr\u00e4umen. An Steuerbord mit einer ordentlichen Werkstatt.<\/p>\n\n\n\n<p>1985 in Nejkerk\/Holland als Einzelbau (Werft: van Twillart) nach Halbmodell gebaut.<\/p>\n\n\n\n<p>Im Dezember 1995 durch ein Feuer im Maschinenraum besch\u00e4digt, welches Dank des Gl\u00fccksumstands, dass die Marine zusammen mit der DGzRS eine Feuerl\u00f6sch\u00fcbung vor Journalisten nur zwei Meilen entfernt machte, schnell gel\u00f6scht wurde. Im Gl\u00fcckst\u00e4dter Hafen an der Elbe kreuzten sich unsere Wege und wir begannen mit Unterst\u00fctzung der Yachtwerft Gl\u00fcckstadt, das Schiff f\u00fcr die gro\u00dfe Reise fit zu machen. <\/p>\n\n\n\n<p>Sechs Jahre lang haben wir Heimkehr bis auf die Knochen \u00fcberholt, um- und ausgebaut, um aus ihr unser Traumschiff zu machen. Denn so sollte sie sein: gut motorisiert, gut besegelt und fischkutterig.<br><br>Seit 2002 segeln wir sie in Nord- und Ostsee, zu den Shetlands, nach Norwegen, D\u00e4nemark und Schweden. Unser Liegeplatz ist vor unserem Haus in Oberndorf an der Oste.<\/p>\n\n\n\n<figure class=\"wp-block-image size-large\"><img loading=\"lazy\" decoding=\"async\" width=\"2560\" height=\"1707\" src=\"http:\/\/www.heimkehr-hamburg.de\/log\/wp-content\/uploads\/2020\/09\/IMGP4564-scaled.jpg\" alt=\"\" class=\"wp-image-1001270\" srcset=\"http:\/\/www.heimkehr-hamburg.de\/log\/wp-content\/uploads\/2020\/09\/IMGP4564-scaled.jpg 2560w, http:\/\/www.heimkehr-hamburg.de\/log\/wp-content\/uploads\/2020\/09\/IMGP4564-768x512.jpg 768w, http:\/\/www.heimkehr-hamburg.de\/log\/wp-content\/uploads\/2020\/09\/IMGP4564-1536x1024.jpg 1536w, http:\/\/www.heimkehr-hamburg.de\/log\/wp-content\/uploads\/2020\/09\/IMGP4564-2048x1365.jpg 2048w\" sizes=\"auto, (max-width: 2560px) 100vw, 2560px\" \/><figcaption class=\"wp-element-caption\">Heimkehr VII<\/figcaption><\/figure>\n\n\n\n<p><\/p>\n\n\n\n<p><\/p>\n\n\n\n<p><\/p>\n\n\n\n<p><strong>Schiffssegen zum Stapellauf der Heimkehr VII \/ Pastor Raymond Sander &#8211; 04.05.2002<\/strong><\/p>\n\n\n\n<p><\/p>\n\n\n\n<p>Der Herr sei vor Dir, um Dir immer den rechten Kurs zu weisen.<\/p>\n\n\n\n<p>Der Herr sei neben Dir und halte Dich Backbord klar von Legerwall und Steuerbord von Untiefen.<\/p>\n\n\n\n<p><\/p>\n\n\n\n<p>Der Herr sei um Dich herum und schenke Dir immer die Segel voll Wind.<\/p>\n\n\n\n<p>Er bewahre Dich vor Flauten und killenden Segeln.<\/p>\n\n\n\n<p><\/p>\n\n\n\n<p>Der Herr sei unter Dir und schenke Dir tags immer eine Handbreit Wasser unter dem Kiel<\/p>\n\n\n\n<p>und nachts einen sicheren Ankergrund.<\/p>\n\n\n\n<p><\/p>\n\n\n\n<p>Der Herr sei mit Dir und beh\u00fcte Deinen Skipper und Steuermann.<\/p>\n\n\n\n<p>Der Herr sei \u00fcber Euch &#8211; Marlene und Bert &#8211; und koppele Euren Kurs mit; <\/p>\n\n\n\n<p>er halte seine Hand sch\u00fctzend \u00fcber Euch und bewahrend unter das Schiff.<\/p>\n\n\n\n<p><\/p>\n\n\n\n<p>So segne Euch der Gott, der Himmel und Erde, Wasser und Wind geschaffen hat.<\/p>\n\n\n\n<p><\/p>\n\n\n\n<p>Amen.<\/p>\n","protected":false},"excerpt":{"rendered":"<p>Heimathafen Oberndorf an der Oste Stahl, 14,30 m lang, mit Kl\u00fcverbaum und Beiboot am Heck 18 m Breite 4,50 m, Tiefgang 2,25 m Verdr\u00e4ngung 40 Tonnen ketschgetakelt, mit einem fischkutterartigen Ruderhaus. Sie hat zwei Deutz-Maschinen mit zwei Wellen in zwei getrennten Maschinenr\u00e4umen. An Steuerbord mit einer ordentlichen Werkstatt. 1985 in Nejkerk\/Holland als Einzelbau (Werft: van [&hellip;]<\/p>\n","protected":false},"author":1,"featured_media":0,"parent":0,"menu_order":0,"comment_status":"closed","ping_status":"closed","template":"","meta":{"footnotes":""},"class_list":["post-1001389","page","type-page","status-publish","hentry"],"_links":{"self":[{"href":"http:\/\/www.heimkehr-hamburg.de\/log\/index.php?rest_route=\/wp\/v2\/pages\/1001389","targetHints":{"allow":["GET"]}}],"collection":[{"href":"http:\/\/www.heimkehr-hamburg.de\/log\/index.php?rest_route=\/wp\/v2\/pages"}],"about":[{"href":"http:\/\/www.heimkehr-hamburg.de\/log\/index.php?rest_route=\/wp\/v2\/types\/page"}],"author":[{"embeddable":true,"href":"http:\/\/www.heimkehr-hamburg.de\/log\/index.php?rest_route=\/wp\/v2\/users\/1"}],"replies":[{"embeddable":true,"href":"http:\/\/www.heimkehr-hamburg.de\/log\/index.php?rest_route=%2Fwp%2Fv2%2Fcomments&post=1001389"}],"version-history":[{"count":7,"href":"http:\/\/www.heimkehr-hamburg.de\/log\/index.php?rest_route=\/wp\/v2\/pages\/1001389\/revisions"}],"predecessor-version":[{"id":1002379,"href":"http:\/\/www.heimkehr-hamburg.de\/log\/index.php?rest_route=\/wp\/v2\/pages\/1001389\/revisions\/1002379"}],"wp:attachment":[{"href":"http:\/\/www.heimkehr-hamburg.de\/log\/index.php?rest_route=%2Fwp%2Fv2%2Fmedia&parent=1001389"}],"curies":[{"name":"wp","href":"https:\/\/api.w.org\/{rel}","templated":true}]}}